{"id":5,"date":"2013-03-25T19:30:03","date_gmt":"2013-03-25T17:30:03","guid":{"rendered":"http:\/\/koti.kapsi.fi\/~arttue\/metalli\/?page_id=5"},"modified":"2023-02-05T14:08:41","modified_gmt":"2023-02-05T12:08:41","slug":"etusivu","status":"publish","type":"page","link":"https:\/\/www.metalli146.net\/","title":{"rendered":"Etusivu"},"content":{"rendered":"<p>Vuonna 1945 perustetussa Lapuan metallity\u00f6v\u00e4en ammattiosastossa j\u00e4seni\u00e4 on noin 700.<\/p>\n<p>Ty\u00f6paikat sijaitsevat p\u00e4\u00e4osin Lapualla ja Kauhavalla. Suurimmat ty\u00f6paikat ovat Valmet Technologies Oy ja Nammo Oy.<\/p>\n<div id=\"attachment_153\" style=\"width: 310px\" class=\"wp-caption alignright\"><a href=\"http:\/\/www.metalli146.net\/wp-content\/uploads\/2013\/04\/etusivu_ylakuva1.jpg\" rel=\"lightbox[5]\"><img loading=\"lazy\" decoding=\"async\" aria-describedby=\"caption-attachment-153\" class=\"size-medium wp-image-153\" title=\"Metso Power Oy - Lapua\" src=\"http:\/\/www.metalli146.net\/wp-content\/uploads\/2013\/04\/etusivu_ylakuva1-300x166.jpg\" alt=\"etusivu_ylakuva\" width=\"300\" height=\"166\" srcset=\"https:\/\/www.metalli146.net\/wp-content\/uploads\/2013\/04\/etusivu_ylakuva1-300x166.jpg 300w, https:\/\/www.metalli146.net\/wp-content\/uploads\/2013\/04\/etusivu_ylakuva1-1024x568.jpg 1024w, https:\/\/www.metalli146.net\/wp-content\/uploads\/2013\/04\/etusivu_ylakuva1.jpg 1565w\" sizes=\"auto, (max-width: 300px) 100vw, 300px\" \/><\/a><p id=\"caption-attachment-153\" class=\"wp-caption-text\">Valmet Technologies Oy &#8211; Lapua<\/p><\/div>\n<p>Ammattiosasto tarjoaa j\u00e4senilleen mm. koulutusta ja vapaa-ajan tapahtumia. Ammattiosasto hoitaa my\u00f6s j\u00e4senyyteen liittyv\u00e4t asiat. Luottamusmies toimii ammattiosaston edustajana ty\u00f6paikalla. Luottamusmiesvaalit j\u00e4rjestet\u00e4\u00e4n joka toinen vuosi, samoin ty\u00f6suojeluvaalit.<\/p>\n<p>Ammattiosasto kuuluu\u00a0 Teollisuusliiton aluej\u00e4rjest\u00f6\u00f6n (Vaasa &#8211; Keski-Suomi).<\/p>\n","protected":false},"excerpt":{"rendered":"<p>Vuonna 1945 perustetussa Lapuan metallity\u00f6v\u00e4en ammattiosastossa j\u00e4seni\u00e4 on noin 700. Ty\u00f6paikat sijaitsevat p\u00e4\u00e4osin Lapualla ja Kauhavalla. Suurimmat ty\u00f6paikat ovat Valmet Technologies Oy ja Nammo Oy. Ammattiosasto tarjoaa j\u00e4senilleen mm. koulutusta ja vapaa-ajan tapahtumia. Ammattiosasto hoitaa my\u00f6s j\u00e4senyyteen liittyv\u00e4t asiat. Luottamusmies &hellip; <a href=\"https:\/\/www.metalli146.net\/\">Lue loppuun <span class=\"meta-nav\">&rarr;<\/span><\/a><\/p>\n","protected":false},"author":3,"featured_media":0,"parent":0,"menu_order":0,"comment_status":"closed","ping_status":"open","template":"","meta":{"footnotes":""},"class_list":["post-5","page","type-page","status-publish","hentry"],"_links":{"self":[{"href":"https:\/\/www.metalli146.net\/index.php?rest_route=\/wp\/v2\/pages\/5","targetHints":{"allow":["GET"]}}],"collection":[{"href":"https:\/\/www.metalli146.net\/index.php?rest_route=\/wp\/v2\/pages"}],"about":[{"href":"https:\/\/www.metalli146.net\/index.php?rest_route=\/wp\/v2\/types\/page"}],"author":[{"embeddable":true,"href":"https:\/\/www.metalli146.net\/index.php?rest_route=\/wp\/v2\/users\/3"}],"replies":[{"embeddable":true,"href":"https:\/\/www.metalli146.net\/index.php?rest_route=%2Fwp%2Fv2%2Fcomments&post=5"}],"version-history":[{"count":2,"href":"https:\/\/www.metalli146.net\/index.php?rest_route=\/wp\/v2\/pages\/5\/revisions"}],"predecessor-version":[{"id":461,"href":"https:\/\/www.metalli146.net\/index.php?rest_route=\/wp\/v2\/pages\/5\/revisions\/461"}],"wp:attachment":[{"href":"https:\/\/www.metalli146.net\/index.php?rest_route=%2Fwp%2Fv2%2Fmedia&parent=5"}],"curies":[{"name":"wp","href":"https:\/\/api.w.org\/{rel}","templated":true}]}}