{"id":66,"date":"2013-04-06T17:07:29","date_gmt":"2013-04-06T14:07:29","guid":{"rendered":"http:\/\/koti.kapsi.fi\/~arttue\/metalli\/?page_id=66"},"modified":"2025-01-26T10:52:29","modified_gmt":"2025-01-26T08:52:29","slug":"toimikunta","status":"publish","type":"page","link":"https:\/\/www.metalli146.net\/?page_id=66","title":{"rendered":"Hallitus"},"content":{"rendered":"\n<h3 class=\"wp-block-heading\">Lapuan metallity\u00f6v\u00e4en ammattiosaston hallitus 2025-2026<\/h3>\n\n\n\n<figure class=\"wp-block-table is-style-stripes\"><table><tbody><tr><td>Puheenjohtaja:<\/td><td>Tarmo J\u00e4rviluoma<\/td><td>0503081556<\/td><td><a href=\"mailto:tarmo.jarviluoma@gmail.com\">tarmo.jarviluoma@gmail.com<\/a><\/td><\/tr><tr><td>Varapuheenjohtaja:<\/td><td>Jarkko Ketola<\/td><td>0504027491<\/td><td><a href=\"mailto:jarkkoketola743@gmail.com\">jarkkoketola743@gmail.com<\/a><\/td><\/tr><tr><td>Sihteeri:<\/td><td>Anu Huhtala<\/td><td>0404801543<\/td><td><a href=\"mailto:anu.sulander@gmail.com\">anu.sulander@gmail.com<\/a><\/td><\/tr><tr><td>Taloudenhoitaja:<\/td><td>Henna Sukuvaara<\/td><td>0505976085<\/td><td><a href=\"mailto:henna.sukuvaara@gmail.com\">henna.sukuvaara@gmail.com<\/a><\/td><\/tr><tr><td>Opintosihteeri:<\/td><td>Pasi Hasunen<\/td><td>0451028077<\/td><td><a href=\"mailto:pasi.hasunen@lapua-ketjut.fi\">pasi.hasunen@lapua-ketjut.fi<\/a><\/td><\/tr><tr><td>Muut j\u00e4senet:<\/td><td>Jarno Ala-Fossi<\/td><td>&nbsp;<\/td><td>&nbsp;<\/td><\/tr><tr><td>&nbsp;<\/td><td>Petri Level\u00e4<\/td><td>&nbsp;<\/td><td>&nbsp;<\/td><\/tr><tr><td>&nbsp;<\/td><td>Minna Marjam\u00e4ki<\/td><td>&nbsp;<\/td><td>&nbsp;<\/td><\/tr><tr><td>&nbsp;<\/td><td>Tero Tuori<\/td><td>&nbsp;<\/td><td>&nbsp;<\/td><\/tr><tr><td><\/td><td>Johanna Viitanen<\/td><td><\/td><td><\/td><\/tr><tr><td><\/td><td>Terho Voltti<\/td><td><\/td><td><\/td><\/tr><tr><td>Varaj\u00e4senet<\/td><td>Jenna Hirsim\u00e4ki<\/td><td>&nbsp;<\/td><td>&nbsp;<\/td><\/tr><tr><td>&nbsp;<\/td><td>Kari Ikola<\/td><td>&nbsp;<\/td><td>&nbsp;<\/td><\/tr><tr><td>&nbsp;<\/td><td>Jyrki J\u00e4rviluoma<\/td><td>&nbsp;<\/td><td>&nbsp;<\/td><\/tr><tr><td>&nbsp;<\/td><td>Janne Kallio<\/td><td>&nbsp;<\/td><td>&nbsp;<\/td><\/tr><tr><td>&nbsp;<\/td><td>Hannu Kojola<\/td><td>&nbsp;<\/td><td>&nbsp;<\/td><\/tr><tr><td>&nbsp;<\/td><td>Rosanna Perki\u00f6<\/td><td>&nbsp;<\/td><td>&nbsp;<\/td><\/tr><tr><td>&nbsp;<\/td><td>Tapio Per\u00e4l\u00e4<\/td><td>&nbsp;<\/td><td>&nbsp;<\/td><\/tr><tr><td><\/td><td>Paula Portin<\/td><td><\/td><td><\/td><\/tr><tr><td><\/td><td>Jaakko Prinkkil\u00e4<\/td><td><\/td><td><\/td><\/tr><tr><td>&nbsp;<\/td><td>Timo Tuori<\/td><td>&nbsp;<\/td><td>&nbsp;<\/td><\/tr><\/tbody><\/table><\/figure>\n\n\n\n<p><\/p>\n","protected":false},"excerpt":{"rendered":"<p>Lapuan metallity\u00f6v\u00e4en ammattiosaston hallitus 2025-2026 Puheenjohtaja: Tarmo J\u00e4rviluoma 0503081556 tarmo.jarviluoma@gmail.com Varapuheenjohtaja: Jarkko Ketola 0504027491 jarkkoketola743@gmail.com Sihteeri: Anu Huhtala 0404801543 anu.sulander@gmail.com Taloudenhoitaja: Henna Sukuvaara 0505976085 henna.sukuvaara@gmail.com Opintosihteeri: Pasi Hasunen 0451028077 pasi.hasunen@lapua-ketjut.fi Muut j\u00e4senet: Jarno Ala-Fossi &nbsp; &nbsp; &nbsp; Petri Level\u00e4 &nbsp; &hellip; <a href=\"https:\/\/www.metalli146.net\/?page_id=66\">Lue loppuun <span class=\"meta-nav\">&rarr;<\/span><\/a><\/p>\n","protected":false},"author":3,"featured_media":0,"parent":0,"menu_order":0,"comment_status":"closed","ping_status":"open","template":"","meta":{"footnotes":""},"class_list":["post-66","page","type-page","status-publish","hentry"],"_links":{"self":[{"href":"https:\/\/www.metalli146.net\/index.php?rest_route=\/wp\/v2\/pages\/66","targetHints":{"allow":["GET"]}}],"collection":[{"href":"https:\/\/www.metalli146.net\/index.php?rest_route=\/wp\/v2\/pages"}],"about":[{"href":"https:\/\/www.metalli146.net\/index.php?rest_route=\/wp\/v2\/types\/page"}],"author":[{"embeddable":true,"href":"https:\/\/www.metalli146.net\/index.php?rest_route=\/wp\/v2\/users\/3"}],"replies":[{"embeddable":true,"href":"https:\/\/www.metalli146.net\/index.php?rest_route=%2Fwp%2Fv2%2Fcomments&post=66"}],"version-history":[{"count":25,"href":"https:\/\/www.metalli146.net\/index.php?rest_route=\/wp\/v2\/pages\/66\/revisions"}],"predecessor-version":[{"id":500,"href":"https:\/\/www.metalli146.net\/index.php?rest_route=\/wp\/v2\/pages\/66\/revisions\/500"}],"wp:attachment":[{"href":"https:\/\/www.metalli146.net\/index.php?rest_route=%2Fwp%2Fv2%2Fmedia&parent=66"}],"curies":[{"name":"wp","href":"https:\/\/api.w.org\/{rel}","templated":true}]}}