{"id":79,"date":"2013-04-06T17:19:10","date_gmt":"2013-04-06T14:19:10","guid":{"rendered":"http:\/\/koti.kapsi.fi\/~arttue\/metalli\/?page_id=79"},"modified":"2026-02-03T19:55:59","modified_gmt":"2026-02-03T17:55:59","slug":"luottamusmiehet","status":"publish","type":"page","link":"https:\/\/www.metalli146.net\/?page_id=79","title":{"rendered":"Luottamusmiehet"},"content":{"rendered":"\n<h3 class=\"wp-block-heading\">Ty\u00f6paikkojen p\u00e4\u00e4luottamusmiehet 2025-2026<\/h3>\n\n\n\n<p><\/p>\n\n\n\n<div class=\"wp-block-columns is-layout-flex wp-container-core-columns-is-layout-9d6595d7 wp-block-columns-is-layout-flex\">\n<div class=\"wp-block-column is-layout-flow wp-block-column-is-layout-flow\" style=\"flex-basis:100%\">\n<figure class=\"wp-block-table is-style-stripes\"><table><tbody><tr><td class=\"has-text-align-left\" data-align=\"left\"><strong>Ty\u00f6paikka<\/strong><\/td><td><strong>PLM<\/strong><\/td><td><strong>puhelin ja email<\/strong><\/td><\/tr><tr><td class=\"has-text-align-left\" data-align=\"left\"><strong>Nammo Lapua Oy<\/strong><\/td><td>Voltti Terho<\/td><td>040 7547454<br><a href=\"mailto:terho.voltti@nammo.com\">terho.voltti@nammo.com<\/a><\/td><\/tr><tr><td class=\"has-text-align-left\" data-align=\"left\"><strong>Lapua-Ketjut Oy<\/strong><\/td><td>Hasunen Pasi<\/td><td>045 1028077<br><a href=\"mailto:p.hasunen@gmail.com\">pasi.hasunen@lapua-ketjut.fi&nbsp;<\/a><\/td><\/tr><tr><td class=\"has-text-align-left\" data-align=\"left\"><strong>Valmet Technologies&nbsp;Oy<\/strong><\/td><td>Tuori Tero<\/td><td>0400 514014<br><a href=\"mailto:tero.tuori@valmet.com\">tero.tuori@valmet.com<\/a><\/td><\/tr><tr><td class=\"has-text-align-left\" data-align=\"left\"><strong>Chemigate Oy<\/strong><\/td><td>Alanen Jani<\/td><td>040 9129576<br><a href=\"mailto:jani.alanen@chemigate.fi\">jani.alanen@chemigate.fi<\/a><\/td><\/tr><tr><td class=\"has-text-align-left\" data-align=\"left\"><strong>Piristeel Oy<\/strong><br><\/td><td>Tuori Timo<\/td><td>050 3697386<br><a href=\"mailto:timo.tuori@piristeel.fi\">timo.tuori@piristeel.fi<\/a><\/td><\/tr><tr><td class=\"has-text-align-left\" data-align=\"left\"><strong>Plate Power Oy<\/strong><\/td><td>Sario Aapo<\/td><td>050 4685490<br><\/td><\/tr><tr><td class=\"has-text-align-left\" data-align=\"left\"><br><strong>TP Silva Oy<\/strong><\/td><td><br>Set\u00e4l\u00e4 Janne<\/td><td>050 5895395<br><a href=\"mailto:luottamusmies@palax.fi\">luottamusmies@palax.fi<\/a><\/td><\/tr><\/tbody><\/table><\/figure>\n<\/div>\n<\/div>\n\n\n\n<p><\/p>\n","protected":false},"excerpt":{"rendered":"<p>Ty\u00f6paikkojen p\u00e4\u00e4luottamusmiehet 2025-2026 Ty\u00f6paikka PLM puhelin ja email Nammo Lapua Oy Voltti Terho 040 7547454terho.voltti@nammo.com Lapua-Ketjut Oy Hasunen Pasi 045 1028077pasi.hasunen@lapua-ketjut.fi&nbsp; Valmet Technologies&nbsp;Oy Tuori Tero 0400 514014tero.tuori@valmet.com Chemigate Oy Alanen Jani 040 9129576jani.alanen@chemigate.fi Piristeel Oy Tuori Timo 050 3697386timo.tuori@piristeel.fi Plate &hellip; <a href=\"https:\/\/www.metalli146.net\/?page_id=79\">Lue loppuun <span class=\"meta-nav\">&rarr;<\/span><\/a><\/p>\n","protected":false},"author":3,"featured_media":0,"parent":0,"menu_order":0,"comment_status":"closed","ping_status":"open","template":"","meta":{"footnotes":""},"class_list":["post-79","page","type-page","status-publish","hentry"],"_links":{"self":[{"href":"https:\/\/www.metalli146.net\/index.php?rest_route=\/wp\/v2\/pages\/79","targetHints":{"allow":["GET"]}}],"collection":[{"href":"https:\/\/www.metalli146.net\/index.php?rest_route=\/wp\/v2\/pages"}],"about":[{"href":"https:\/\/www.metalli146.net\/index.php?rest_route=\/wp\/v2\/types\/page"}],"author":[{"embeddable":true,"href":"https:\/\/www.metalli146.net\/index.php?rest_route=\/wp\/v2\/users\/3"}],"replies":[{"embeddable":true,"href":"https:\/\/www.metalli146.net\/index.php?rest_route=%2Fwp%2Fv2%2Fcomments&post=79"}],"version-history":[{"count":28,"href":"https:\/\/www.metalli146.net\/index.php?rest_route=\/wp\/v2\/pages\/79\/revisions"}],"predecessor-version":[{"id":515,"href":"https:\/\/www.metalli146.net\/index.php?rest_route=\/wp\/v2\/pages\/79\/revisions\/515"}],"wp:attachment":[{"href":"https:\/\/www.metalli146.net\/index.php?rest_route=%2Fwp%2Fv2%2Fmedia&parent=79"}],"curies":[{"name":"wp","href":"https:\/\/api.w.org\/{rel}","templated":true}]}}